{"id":1752,"date":"2020-01-28T09:55:19","date_gmt":"2020-01-28T08:55:19","guid":{"rendered":"https:\/\/www.alberiedintorni.com\/it\/?page_id=1752"},"modified":"2024-12-05T10:40:05","modified_gmt":"2024-12-05T09:40:05","slug":"tree-climbing","status":"publish","type":"page","link":"https:\/\/www.alberiedintorni.com\/it\/tree-climbing\/","title":{"rendered":"Tree Climbing"},"content":{"rendered":"<p>[vc_row][vc_column][vc_column_text]<\/p>\n<h3><em><strong>devi potare o abbattere il tuo albero in tree climbing? <\/strong><strong>chiama il 3473454439<\/strong><\/em><\/h3>\n<h3><em><strong>sopralluogo e preventivo gratuito<\/strong><\/em><\/h3>\n<h5><strong><em>Eseguiamo lavori su tutto il territorio laziale: Roma \u2013 Provincia di Roma \u2013 Castelli Romani \u2013 Litorale Laziale \u2013 Viterbo \u2013 Rieti \u2013 Frosinone \u2013 Latina.<\/em><\/strong><\/h5>\n<h5><strong><em>Si valutano anche lavori di elevata entit\u00e0 in tutto il centro Italia.<\/em><\/strong><\/h5>\n<p><strong><img loading=\"lazy\" decoding=\"async\" class=\"wp-image-1816 alignright\" src=\"https:\/\/www.alberiedintorni.com\/it\/wp-content\/uploads\/2020\/01\/fotogallery8.jpg\" alt=\"\" width=\"385\" height=\"579\" srcset=\"https:\/\/www.alberiedintorni.com\/it\/wp-content\/uploads\/2020\/01\/fotogallery8.jpg 798w, https:\/\/www.alberiedintorni.com\/it\/wp-content\/uploads\/2020\/01\/fotogallery8-200x300.jpg 200w, https:\/\/www.alberiedintorni.com\/it\/wp-content\/uploads\/2020\/01\/fotogallery8-681x1024.jpg 681w, https:\/\/www.alberiedintorni.com\/it\/wp-content\/uploads\/2020\/01\/fotogallery8-768x1155.jpg 768w, https:\/\/www.alberiedintorni.com\/it\/wp-content\/uploads\/2020\/01\/fotogallery8-370x556.jpg 370w, https:\/\/www.alberiedintorni.com\/it\/wp-content\/uploads\/2020\/01\/fotogallery8-760x1143.jpg 760w\" sizes=\"(max-width: 385px) 100vw, 385px\" \/><\/strong><\/p>\n<p>&nbsp;<\/p>\n<p>Il <strong>Tree &#8211; climbing<\/strong>, ossia \u201cl\u2019arrampicata in pianta\u201d Consente all\u2019arboricoltore di ispezionare e di \u201clavorare\u201d l\u2019albero nella maniera pi\u00f9 consona allo sviluppo architettonico della pianta stessa, in luoghi inaccessibili gru e piattaforme aeree che in ogni caso il pi\u00f9 delle volte causano un indesiderato compattamento del terreno ed eventuali danni alle radici.<\/p>\n<p>Il climber (arrampicatore) pu\u00f2 attraversare in sicurezza tutta la chioma e pu\u00f2 spostarsi sulle branche valutando attentamente tutti quelli che sono i deficit strutturali e i problemi fitopatologici della pianta osservandoli dal punto di vista pi\u00f9 confacente allo stato strutturale della stessa. Con questo metodo l\u2019operatore non \u00e8 obbligato nei suoi movimenti dagli spostamenti possibili della piattaforma aerea ma pu\u00f2 raggiungere e potare i rami che effettivamente devono essere potati trovandosi nella posizione pi\u00f9 idonea per effettuare un taglio corretto; pu\u00f2 posizionare i consolidamenti nel modo pi\u00f9 adatto; pu\u00f2 penetrare nelle parti pi\u00f9 fitte della chioma senza dover per forza sfrondare per permettere il passaggio del cestello.<\/p>\n<p>Un climber pu\u00f2 comunque, quando necessario, avvalersi dell\u2019aiuto di una piattaforma aerea.[\/vc_column_text][\/vc_column][\/vc_row]<\/p>\n","protected":false},"excerpt":{"rendered":"<p>[vc_row][vc_column][vc_column_text] devi potare o abbattere il tuo albero in tree climbing? chiama il 3473454439 sopralluogo e preventivo gratuito Eseguiamo lavori su tutto il territorio laziale: Roma \u2013 Provincia di Roma&hellip;<\/p>\n","protected":false},"author":1,"featured_media":0,"parent":0,"menu_order":0,"comment_status":"closed","ping_status":"closed","template":"","meta":{"footnotes":""},"class_list":["post-1752","page","type-page","status-publish","hentry"],"yoast_head":"<!-- This site is optimized with the Yoast SEO plugin v24.4 - https:\/\/yoast.com\/wordpress\/plugins\/seo\/ -->\n<title>Tree Climbing | Alberi e Dintorni<\/title>\n<meta name=\"robots\" content=\"index, follow, max-snippet:-1, max-image-preview:large, max-video-preview:-1\" \/>\n<link rel=\"canonical\" href=\"https:\/\/www.alberiedintorni.com\/it\/tree-climbing\/\" \/>\n<meta property=\"og:locale\" content=\"it_IT\" \/>\n<meta property=\"og:type\" content=\"article\" \/>\n<meta property=\"og:title\" content=\"Tree Climbing | Alberi e Dintorni\" \/>\n<meta property=\"og:description\" content=\"[vc_row][vc_column][vc_column_text] devi potare o abbattere il tuo albero in tree climbing? chiama il 3473454439 sopralluogo e preventivo gratuito Eseguiamo lavori su tutto il territorio laziale: Roma \u2013 Provincia di Roma&hellip;\" \/>\n<meta property=\"og:url\" content=\"https:\/\/www.alberiedintorni.com\/it\/tree-climbing\/\" \/>\n<meta property=\"og:site_name\" content=\"Alberi e Dintorni\" \/>\n<meta property=\"article:publisher\" content=\"https:\/\/www.facebook.com\/alberiedintorni.it\" \/>\n<meta property=\"article:modified_time\" content=\"2024-12-05T09:40:05+00:00\" \/>\n<meta property=\"og:image\" content=\"https:\/\/www.alberiedintorni.com\/it\/wp-content\/uploads\/2020\/01\/fotogallery8.jpg\" \/>\n<meta name=\"twitter:card\" content=\"summary_large_image\" \/>\n<meta name=\"twitter:label1\" content=\"Tempo di lettura stimato\" \/>\n\t<meta name=\"twitter:data1\" content=\"2 minuti\" \/>\n<script type=\"application\/ld+json\" class=\"yoast-schema-graph\">{\"@context\":\"https:\/\/schema.org\",\"@graph\":[{\"@type\":\"WebPage\",\"@id\":\"https:\/\/www.alberiedintorni.com\/it\/tree-climbing\/\",\"url\":\"https:\/\/www.alberiedintorni.com\/it\/tree-climbing\/\",\"name\":\"Tree Climbing | Alberi e Dintorni\",\"isPartOf\":{\"@id\":\"https:\/\/www.alberiedintorni.com\/it\/#website\"},\"primaryImageOfPage\":{\"@id\":\"https:\/\/www.alberiedintorni.com\/it\/tree-climbing\/#primaryimage\"},\"image\":{\"@id\":\"https:\/\/www.alberiedintorni.com\/it\/tree-climbing\/#primaryimage\"},\"thumbnailUrl\":\"https:\/\/www.alberiedintorni.com\/it\/wp-content\/uploads\/2020\/01\/fotogallery8.jpg\",\"datePublished\":\"2020-01-28T08:55:19+00:00\",\"dateModified\":\"2024-12-05T09:40:05+00:00\",\"breadcrumb\":{\"@id\":\"https:\/\/www.alberiedintorni.com\/it\/tree-climbing\/#breadcrumb\"},\"inLanguage\":\"it-IT\",\"potentialAction\":[{\"@type\":\"ReadAction\",\"target\":[\"https:\/\/www.alberiedintorni.com\/it\/tree-climbing\/\"]}]},{\"@type\":\"ImageObject\",\"inLanguage\":\"it-IT\",\"@id\":\"https:\/\/www.alberiedintorni.com\/it\/tree-climbing\/#primaryimage\",\"url\":\"https:\/\/www.alberiedintorni.com\/it\/wp-content\/uploads\/2020\/01\/fotogallery8.jpg\",\"contentUrl\":\"https:\/\/www.alberiedintorni.com\/it\/wp-content\/uploads\/2020\/01\/fotogallery8.jpg\",\"width\":798,\"height\":1200},{\"@type\":\"BreadcrumbList\",\"@id\":\"https:\/\/www.alberiedintorni.com\/it\/tree-climbing\/#breadcrumb\",\"itemListElement\":[{\"@type\":\"ListItem\",\"position\":1,\"name\":\"Home\",\"item\":\"https:\/\/www.alberiedintorni.com\/it\/\"},{\"@type\":\"ListItem\",\"position\":2,\"name\":\"Tree Climbing\"}]},{\"@type\":\"WebSite\",\"@id\":\"https:\/\/www.alberiedintorni.com\/it\/#website\",\"url\":\"https:\/\/www.alberiedintorni.com\/it\/\",\"name\":\"Alberi e Dintorni\",\"description\":\"Cura e gestione degli alberi\",\"publisher\":{\"@id\":\"https:\/\/www.alberiedintorni.com\/it\/#organization\"},\"potentialAction\":[{\"@type\":\"SearchAction\",\"target\":{\"@type\":\"EntryPoint\",\"urlTemplate\":\"https:\/\/www.alberiedintorni.com\/it\/?s={search_term_string}\"},\"query-input\":{\"@type\":\"PropertyValueSpecification\",\"valueRequired\":true,\"valueName\":\"search_term_string\"}}],\"inLanguage\":\"it-IT\"},{\"@type\":\"Organization\",\"@id\":\"https:\/\/www.alberiedintorni.com\/it\/#organization\",\"name\":\"Alberi e dintorni\",\"url\":\"https:\/\/www.alberiedintorni.com\/it\/\",\"logo\":{\"@type\":\"ImageObject\",\"inLanguage\":\"it-IT\",\"@id\":\"https:\/\/www.alberiedintorni.com\/it\/#\/schema\/logo\/image\/\",\"url\":\"https:\/\/www.alberiedintorni.com\/it\/wp-content\/uploads\/2020\/01\/logoalberi.png\",\"contentUrl\":\"https:\/\/www.alberiedintorni.com\/it\/wp-content\/uploads\/2020\/01\/logoalberi.png\",\"width\":800,\"height\":800,\"caption\":\"Alberi e dintorni\"},\"image\":{\"@id\":\"https:\/\/www.alberiedintorni.com\/it\/#\/schema\/logo\/image\/\"},\"sameAs\":[\"https:\/\/www.facebook.com\/alberiedintorni.it\"]}]}<\/script>\n<!-- \/ Yoast SEO plugin. -->","yoast_head_json":{"title":"Tree Climbing | Alberi e Dintorni","robots":{"index":"index","follow":"follow","max-snippet":"max-snippet:-1","max-image-preview":"max-image-preview:large","max-video-preview":"max-video-preview:-1"},"canonical":"https:\/\/www.alberiedintorni.com\/it\/tree-climbing\/","og_locale":"it_IT","og_type":"article","og_title":"Tree Climbing | Alberi e Dintorni","og_description":"[vc_row][vc_column][vc_column_text] devi potare o abbattere il tuo albero in tree climbing? chiama il 3473454439 sopralluogo e preventivo gratuito Eseguiamo lavori su tutto il territorio laziale: Roma \u2013 Provincia di Roma&hellip;","og_url":"https:\/\/www.alberiedintorni.com\/it\/tree-climbing\/","og_site_name":"Alberi e Dintorni","article_publisher":"https:\/\/www.facebook.com\/alberiedintorni.it","article_modified_time":"2024-12-05T09:40:05+00:00","og_image":[{"url":"https:\/\/www.alberiedintorni.com\/it\/wp-content\/uploads\/2020\/01\/fotogallery8.jpg","type":"","width":"","height":""}],"twitter_card":"summary_large_image","twitter_misc":{"Tempo di lettura stimato":"2 minuti"},"schema":{"@context":"https:\/\/schema.org","@graph":[{"@type":"WebPage","@id":"https:\/\/www.alberiedintorni.com\/it\/tree-climbing\/","url":"https:\/\/www.alberiedintorni.com\/it\/tree-climbing\/","name":"Tree Climbing | Alberi e Dintorni","isPartOf":{"@id":"https:\/\/www.alberiedintorni.com\/it\/#website"},"primaryImageOfPage":{"@id":"https:\/\/www.alberiedintorni.com\/it\/tree-climbing\/#primaryimage"},"image":{"@id":"https:\/\/www.alberiedintorni.com\/it\/tree-climbing\/#primaryimage"},"thumbnailUrl":"https:\/\/www.alberiedintorni.com\/it\/wp-content\/uploads\/2020\/01\/fotogallery8.jpg","datePublished":"2020-01-28T08:55:19+00:00","dateModified":"2024-12-05T09:40:05+00:00","breadcrumb":{"@id":"https:\/\/www.alberiedintorni.com\/it\/tree-climbing\/#breadcrumb"},"inLanguage":"it-IT","potentialAction":[{"@type":"ReadAction","target":["https:\/\/www.alberiedintorni.com\/it\/tree-climbing\/"]}]},{"@type":"ImageObject","inLanguage":"it-IT","@id":"https:\/\/www.alberiedintorni.com\/it\/tree-climbing\/#primaryimage","url":"https:\/\/www.alberiedintorni.com\/it\/wp-content\/uploads\/2020\/01\/fotogallery8.jpg","contentUrl":"https:\/\/www.alberiedintorni.com\/it\/wp-content\/uploads\/2020\/01\/fotogallery8.jpg","width":798,"height":1200},{"@type":"BreadcrumbList","@id":"https:\/\/www.alberiedintorni.com\/it\/tree-climbing\/#breadcrumb","itemListElement":[{"@type":"ListItem","position":1,"name":"Home","item":"https:\/\/www.alberiedintorni.com\/it\/"},{"@type":"ListItem","position":2,"name":"Tree Climbing"}]},{"@type":"WebSite","@id":"https:\/\/www.alberiedintorni.com\/it\/#website","url":"https:\/\/www.alberiedintorni.com\/it\/","name":"Alberi e Dintorni","description":"Cura e gestione degli alberi","publisher":{"@id":"https:\/\/www.alberiedintorni.com\/it\/#organization"},"potentialAction":[{"@type":"SearchAction","target":{"@type":"EntryPoint","urlTemplate":"https:\/\/www.alberiedintorni.com\/it\/?s={search_term_string}"},"query-input":{"@type":"PropertyValueSpecification","valueRequired":true,"valueName":"search_term_string"}}],"inLanguage":"it-IT"},{"@type":"Organization","@id":"https:\/\/www.alberiedintorni.com\/it\/#organization","name":"Alberi e dintorni","url":"https:\/\/www.alberiedintorni.com\/it\/","logo":{"@type":"ImageObject","inLanguage":"it-IT","@id":"https:\/\/www.alberiedintorni.com\/it\/#\/schema\/logo\/image\/","url":"https:\/\/www.alberiedintorni.com\/it\/wp-content\/uploads\/2020\/01\/logoalberi.png","contentUrl":"https:\/\/www.alberiedintorni.com\/it\/wp-content\/uploads\/2020\/01\/logoalberi.png","width":800,"height":800,"caption":"Alberi e dintorni"},"image":{"@id":"https:\/\/www.alberiedintorni.com\/it\/#\/schema\/logo\/image\/"},"sameAs":["https:\/\/www.facebook.com\/alberiedintorni.it"]}]}},"_links":{"self":[{"href":"https:\/\/www.alberiedintorni.com\/it\/wp-json\/wp\/v2\/pages\/1752"}],"collection":[{"href":"https:\/\/www.alberiedintorni.com\/it\/wp-json\/wp\/v2\/pages"}],"about":[{"href":"https:\/\/www.alberiedintorni.com\/it\/wp-json\/wp\/v2\/types\/page"}],"author":[{"embeddable":true,"href":"https:\/\/www.alberiedintorni.com\/it\/wp-json\/wp\/v2\/users\/1"}],"replies":[{"embeddable":true,"href":"https:\/\/www.alberiedintorni.com\/it\/wp-json\/wp\/v2\/comments?post=1752"}],"version-history":[{"count":9,"href":"https:\/\/www.alberiedintorni.com\/it\/wp-json\/wp\/v2\/pages\/1752\/revisions"}],"predecessor-version":[{"id":2274,"href":"https:\/\/www.alberiedintorni.com\/it\/wp-json\/wp\/v2\/pages\/1752\/revisions\/2274"}],"wp:attachment":[{"href":"https:\/\/www.alberiedintorni.com\/it\/wp-json\/wp\/v2\/media?parent=1752"}],"curies":[{"name":"wp","href":"https:\/\/api.w.org\/{rel}","templated":true}]}}