{"id":1765,"date":"2020-01-28T10:29:14","date_gmt":"2020-01-28T09:29:14","guid":{"rendered":"https:\/\/www.alberiedintorni.com\/it\/?page_id=1765"},"modified":"2025-05-14T11:31:00","modified_gmt":"2025-05-14T09:31:00","slug":"abbattimento-alberi-roma","status":"publish","type":"page","link":"https:\/\/www.alberiedintorni.com\/it\/abbattimento-alberi-roma\/","title":{"rendered":"Abbattimento"},"content":{"rendered":"<p>[vc_row][vc_column][vc_raw_html]JTNDaDMlM0UlM0NlbSUzRSUzQ3N0cm9uZyUzRURldmklMjBhYmJhdHRlcmUlMjBpbCUyMHR1byUyMGFsYmVybyUzRiUzQ2JyJTNFQ2hpYW1hJTIwaWwlMjAlM0N1JTNFJTNDYSUyMGhyZWYlM0QlMjJ0ZWwlM0ElMkIzOTM0NzM0NTQ0MzklMjIlMjAlMjBvbmNsaWNrJTNEJTIyZ3RhZ19yZXBvcnRfY29udmVyc2lvbiUyOCUyOSUzQiUyMiUzRTM0NzM0NTQ0MzklM0MlMkZhJTNFJTNDJTJGdSUzRSUyMHNvcHJhbGx1b2dvJTIwZSUyMHByZXZlbnRpdm8lMjBncmF0dWl0byUzQyUyRnN0cm9uZyUzRSUzQyUyRmVtJTNFJTNDJTJGaDMlM0U=[\/vc_raw_html][vc_column_text]<\/p>\n<h5><strong><em>Eseguiamo lavori su tutto il territorio laziale: Roma \u2013 Provincia di Roma \u2013 Castelli Romani \u2013 Litorale Laziale \u2013 Viterbo \u2013 Rieti \u2013 Frosinone \u2013 Latina.<\/em><\/strong><\/h5>\n<h5><strong><em>Si valutano anche lavori di elevata entit\u00e0 in tutto il centro Italia.<\/em><\/strong><\/h5>\n<p>&nbsp;<\/p>\n<p><strong>\u00a0 \u00a0 \u00a0 \u00a0 \u00a0 \u00a0 \u00a0 \u00a0 \u00a0 \u00a0 \u00a0 \u00a0 \u00a0 \u00a0 \u00a0 \u00a0 \u00a0 \u00a0 \u00a0 \u00a0 \u00a0 \u00a0 \u00a0 \u00a0 \u00a0 \u00a0 \u00a0 \u00a0 \u00a0 \u00a0 \u00a0 \u00a0 \u00a0 \u00a0 \u00a0 \u00a0 \u00a0 \u00a0 \u00a0 \u00a0 \u00a0 \u00a0 \u00a0 \u00a0 \u00a0 \u00a0 \u00a0 \u00a0 \u00a0 \u00a0 \u00a0 \u00a0 \u00a0 \u00a0 \u00a0 \u00a0 \u00a0 \u00a0\u00a0\u00a0 ABBATTIMENTO ALBERI AD ALTO FUSTO<\/strong><\/p>\n<p>Abbattere gli alberi non \u00e8 mai un&#8217;operazione facile e senza conseguenze. Alcuni casi per\u00f2 non lasciano altra soluzione se non quella dell&#8217;abbattimento. Quando un albero cresce troppo e inizia a provocare danni ad altre strutture, come ad esempio i marciapiedi, sar\u00e0 necessario rimuoverlo. Anche quando l&#8217;albero \u00e8 troppo vicino alla casa e c&#8217;\u00e8 il rischio che la possa danneggiare, soprattutto, in caso di violenti temporali. In tutti gli altri casi si pu\u00f2 abbattere perch\u00e9 \u00e8 malato, secco o perch\u00e9 lascia in ombra tutte le altre piante del giardino, facendole soffrire o deperire per la mancanza di luce.[vc_row][vc_column width=&#8221;1\/1&#8243;][vc_column_text]<\/p>\n<p>&nbsp;[\/vc_column_text][\/vc_column][\/vc_row][vc_row][vc_column][vc_column_text]&nbsp;[\/vc_column_text][\/vc_column][\/vc_row][vc_row][vc_column][vc_column_text]&nbsp;[\/vc_column_text][\/vc_column][\/vc_row][vc_row][vc_column][\/vc_column][\/vc_row]<\/p>\n","protected":false},"excerpt":{"rendered":"<p>[vc_row][vc_column][vc_raw_html]JTNDaDMlM0UlM0NlbSUzRSUzQ3N0cm9uZyUzRURldmklMjBhYmJhdHRlcmUlMjBpbCUyMHR1byUyMGFsYmVybyUzRiUzQ2JyJTNFQ2hpYW1hJTIwaWwlMjAlM0N1JTNFJTNDYSUyMGhyZWYlM0QlMjJ0ZWwlM0ElMkIzOTM0NzM0NTQ0MzklMjIlMjAlMjBvbmNsaWNrJTNEJTIyZ3RhZ19yZXBvcnRfY29udmVyc2lvbiUyOCUyOSUzQiUyMiUzRTM0NzM0NTQ0MzklM0MlMkZhJTNFJTNDJTJGdSUzRSUyMHNvcHJhbGx1b2dvJTIwZSUyMHByZXZlbnRpdm8lMjBncmF0dWl0byUzQyUyRnN0cm9uZyUzRSUzQyUyRmVtJTNFJTNDJTJGaDMlM0U=[\/vc_raw_html][vc_column_text] Eseguiamo lavori su tutto il territorio laziale: Roma \u2013 Provincia di Roma \u2013 Castelli Romani \u2013 Litorale Laziale \u2013 Viterbo \u2013 Rieti \u2013 Frosinone \u2013 Latina. Si valutano anche&hellip;<\/p>\n","protected":false},"author":1,"featured_media":0,"parent":0,"menu_order":0,"comment_status":"closed","ping_status":"closed","template":"","meta":{"footnotes":""},"class_list":["post-1765","page","type-page","status-publish","hentry"],"yoast_head":"<!-- This site is optimized with the Yoast SEO plugin v24.4 - https:\/\/yoast.com\/wordpress\/plugins\/seo\/ -->\n<title>Abbattimento alberi a Roma e Castelli Romani | Alberi e Dintorni<\/title>\n<meta name=\"description\" content=\"Abbattimento alberi ad alto fusto, con piattaforma aerea e in arrampicata a Roma e provincia. Visita il sito e richiedi un sopralluogo gratuito.\" \/>\n<meta name=\"robots\" content=\"index, follow, max-snippet:-1, max-image-preview:large, max-video-preview:-1\" \/>\n<link rel=\"canonical\" href=\"https:\/\/www.alberiedintorni.com\/it\/abbattimento-alberi-roma\/\" \/>\n<meta property=\"og:locale\" content=\"it_IT\" \/>\n<meta property=\"og:type\" content=\"article\" \/>\n<meta property=\"og:title\" content=\"Abbattimento alberi a Roma e Castelli Romani | Alberi e Dintorni\" \/>\n<meta property=\"og:description\" content=\"Abbattimento alberi ad alto fusto, con piattaforma aerea e in arrampicata a Roma e provincia. Visita il sito e richiedi un sopralluogo gratuito.\" \/>\n<meta property=\"og:url\" content=\"https:\/\/www.alberiedintorni.com\/it\/abbattimento-alberi-roma\/\" \/>\n<meta property=\"og:site_name\" content=\"Alberi e Dintorni\" \/>\n<meta property=\"article:publisher\" content=\"https:\/\/www.facebook.com\/alberiedintorni.it\" \/>\n<meta property=\"article:modified_time\" content=\"2025-05-14T09:31:00+00:00\" \/>\n<meta name=\"twitter:card\" content=\"summary_large_image\" \/>\n<meta name=\"twitter:label1\" content=\"Tempo di lettura stimato\" \/>\n\t<meta name=\"twitter:data1\" content=\"4 minuti\" \/>\n<script type=\"application\/ld+json\" class=\"yoast-schema-graph\">{\"@context\":\"https:\/\/schema.org\",\"@graph\":[{\"@type\":\"WebPage\",\"@id\":\"https:\/\/www.alberiedintorni.com\/it\/abbattimento-alberi-roma\/\",\"url\":\"https:\/\/www.alberiedintorni.com\/it\/abbattimento-alberi-roma\/\",\"name\":\"Abbattimento alberi a Roma e Castelli Romani | Alberi e Dintorni\",\"isPartOf\":{\"@id\":\"https:\/\/www.alberiedintorni.com\/it\/#website\"},\"datePublished\":\"2020-01-28T09:29:14+00:00\",\"dateModified\":\"2025-05-14T09:31:00+00:00\",\"description\":\"Abbattimento alberi ad alto fusto, con piattaforma aerea e in arrampicata a Roma e provincia. Visita il sito e richiedi un sopralluogo gratuito.\",\"breadcrumb\":{\"@id\":\"https:\/\/www.alberiedintorni.com\/it\/abbattimento-alberi-roma\/#breadcrumb\"},\"inLanguage\":\"it-IT\",\"potentialAction\":[{\"@type\":\"ReadAction\",\"target\":[\"https:\/\/www.alberiedintorni.com\/it\/abbattimento-alberi-roma\/\"]}]},{\"@type\":\"BreadcrumbList\",\"@id\":\"https:\/\/www.alberiedintorni.com\/it\/abbattimento-alberi-roma\/#breadcrumb\",\"itemListElement\":[{\"@type\":\"ListItem\",\"position\":1,\"name\":\"Home\",\"item\":\"https:\/\/www.alberiedintorni.com\/it\/\"},{\"@type\":\"ListItem\",\"position\":2,\"name\":\"Abbattimento\"}]},{\"@type\":\"WebSite\",\"@id\":\"https:\/\/www.alberiedintorni.com\/it\/#website\",\"url\":\"https:\/\/www.alberiedintorni.com\/it\/\",\"name\":\"Alberi e Dintorni\",\"description\":\"Cura e gestione degli alberi\",\"publisher\":{\"@id\":\"https:\/\/www.alberiedintorni.com\/it\/#organization\"},\"potentialAction\":[{\"@type\":\"SearchAction\",\"target\":{\"@type\":\"EntryPoint\",\"urlTemplate\":\"https:\/\/www.alberiedintorni.com\/it\/?s={search_term_string}\"},\"query-input\":{\"@type\":\"PropertyValueSpecification\",\"valueRequired\":true,\"valueName\":\"search_term_string\"}}],\"inLanguage\":\"it-IT\"},{\"@type\":\"Organization\",\"@id\":\"https:\/\/www.alberiedintorni.com\/it\/#organization\",\"name\":\"Alberi e dintorni\",\"url\":\"https:\/\/www.alberiedintorni.com\/it\/\",\"logo\":{\"@type\":\"ImageObject\",\"inLanguage\":\"it-IT\",\"@id\":\"https:\/\/www.alberiedintorni.com\/it\/#\/schema\/logo\/image\/\",\"url\":\"https:\/\/www.alberiedintorni.com\/it\/wp-content\/uploads\/2020\/01\/logoalberi.png\",\"contentUrl\":\"https:\/\/www.alberiedintorni.com\/it\/wp-content\/uploads\/2020\/01\/logoalberi.png\",\"width\":800,\"height\":800,\"caption\":\"Alberi e dintorni\"},\"image\":{\"@id\":\"https:\/\/www.alberiedintorni.com\/it\/#\/schema\/logo\/image\/\"},\"sameAs\":[\"https:\/\/www.facebook.com\/alberiedintorni.it\"]}]}<\/script>\n<!-- \/ Yoast SEO plugin. -->","yoast_head_json":{"title":"Abbattimento alberi a Roma e Castelli Romani | Alberi e Dintorni","description":"Abbattimento alberi ad alto fusto, con piattaforma aerea e in arrampicata a Roma e provincia. Visita il sito e richiedi un sopralluogo gratuito.","robots":{"index":"index","follow":"follow","max-snippet":"max-snippet:-1","max-image-preview":"max-image-preview:large","max-video-preview":"max-video-preview:-1"},"canonical":"https:\/\/www.alberiedintorni.com\/it\/abbattimento-alberi-roma\/","og_locale":"it_IT","og_type":"article","og_title":"Abbattimento alberi a Roma e Castelli Romani | Alberi e Dintorni","og_description":"Abbattimento alberi ad alto fusto, con piattaforma aerea e in arrampicata a Roma e provincia. Visita il sito e richiedi un sopralluogo gratuito.","og_url":"https:\/\/www.alberiedintorni.com\/it\/abbattimento-alberi-roma\/","og_site_name":"Alberi e Dintorni","article_publisher":"https:\/\/www.facebook.com\/alberiedintorni.it","article_modified_time":"2025-05-14T09:31:00+00:00","twitter_card":"summary_large_image","twitter_misc":{"Tempo di lettura stimato":"4 minuti"},"schema":{"@context":"https:\/\/schema.org","@graph":[{"@type":"WebPage","@id":"https:\/\/www.alberiedintorni.com\/it\/abbattimento-alberi-roma\/","url":"https:\/\/www.alberiedintorni.com\/it\/abbattimento-alberi-roma\/","name":"Abbattimento alberi a Roma e Castelli Romani | Alberi e Dintorni","isPartOf":{"@id":"https:\/\/www.alberiedintorni.com\/it\/#website"},"datePublished":"2020-01-28T09:29:14+00:00","dateModified":"2025-05-14T09:31:00+00:00","description":"Abbattimento alberi ad alto fusto, con piattaforma aerea e in arrampicata a Roma e provincia. Visita il sito e richiedi un sopralluogo gratuito.","breadcrumb":{"@id":"https:\/\/www.alberiedintorni.com\/it\/abbattimento-alberi-roma\/#breadcrumb"},"inLanguage":"it-IT","potentialAction":[{"@type":"ReadAction","target":["https:\/\/www.alberiedintorni.com\/it\/abbattimento-alberi-roma\/"]}]},{"@type":"BreadcrumbList","@id":"https:\/\/www.alberiedintorni.com\/it\/abbattimento-alberi-roma\/#breadcrumb","itemListElement":[{"@type":"ListItem","position":1,"name":"Home","item":"https:\/\/www.alberiedintorni.com\/it\/"},{"@type":"ListItem","position":2,"name":"Abbattimento"}]},{"@type":"WebSite","@id":"https:\/\/www.alberiedintorni.com\/it\/#website","url":"https:\/\/www.alberiedintorni.com\/it\/","name":"Alberi e Dintorni","description":"Cura e gestione degli alberi","publisher":{"@id":"https:\/\/www.alberiedintorni.com\/it\/#organization"},"potentialAction":[{"@type":"SearchAction","target":{"@type":"EntryPoint","urlTemplate":"https:\/\/www.alberiedintorni.com\/it\/?s={search_term_string}"},"query-input":{"@type":"PropertyValueSpecification","valueRequired":true,"valueName":"search_term_string"}}],"inLanguage":"it-IT"},{"@type":"Organization","@id":"https:\/\/www.alberiedintorni.com\/it\/#organization","name":"Alberi e dintorni","url":"https:\/\/www.alberiedintorni.com\/it\/","logo":{"@type":"ImageObject","inLanguage":"it-IT","@id":"https:\/\/www.alberiedintorni.com\/it\/#\/schema\/logo\/image\/","url":"https:\/\/www.alberiedintorni.com\/it\/wp-content\/uploads\/2020\/01\/logoalberi.png","contentUrl":"https:\/\/www.alberiedintorni.com\/it\/wp-content\/uploads\/2020\/01\/logoalberi.png","width":800,"height":800,"caption":"Alberi e dintorni"},"image":{"@id":"https:\/\/www.alberiedintorni.com\/it\/#\/schema\/logo\/image\/"},"sameAs":["https:\/\/www.facebook.com\/alberiedintorni.it"]}]}},"_links":{"self":[{"href":"https:\/\/www.alberiedintorni.com\/it\/wp-json\/wp\/v2\/pages\/1765"}],"collection":[{"href":"https:\/\/www.alberiedintorni.com\/it\/wp-json\/wp\/v2\/pages"}],"about":[{"href":"https:\/\/www.alberiedintorni.com\/it\/wp-json\/wp\/v2\/types\/page"}],"author":[{"embeddable":true,"href":"https:\/\/www.alberiedintorni.com\/it\/wp-json\/wp\/v2\/users\/1"}],"replies":[{"embeddable":true,"href":"https:\/\/www.alberiedintorni.com\/it\/wp-json\/wp\/v2\/comments?post=1765"}],"version-history":[{"count":21,"href":"https:\/\/www.alberiedintorni.com\/it\/wp-json\/wp\/v2\/pages\/1765\/revisions"}],"predecessor-version":[{"id":2284,"href":"https:\/\/www.alberiedintorni.com\/it\/wp-json\/wp\/v2\/pages\/1765\/revisions\/2284"}],"wp:attachment":[{"href":"https:\/\/www.alberiedintorni.com\/it\/wp-json\/wp\/v2\/media?parent=1765"}],"curies":[{"name":"wp","href":"https:\/\/api.w.org\/{rel}","templated":true}]}}